{"id":22,"date":"2013-12-24T11:22:17","date_gmt":"2013-12-24T11:22:17","guid":{"rendered":"https:\/\/www.alquiler-madrid.com\/?page_id=22"},"modified":"2025-09-29T07:43:28","modified_gmt":"2025-09-29T07:43:28","slug":"oficinas-alquiler-madrid","status":"publish","type":"page","link":"https:\/\/www.alquiler-madrid.com\/en\/oficinas-alquiler-madrid\/","title":{"rendered":"Offices"},"content":{"rendered":"<div data-elementor-type=\"wp-page\" data-elementor-id=\"22\" class=\"elementor elementor-22\">\n\t\t\t\t\t\t\t\t\t<section class=\"elementor-section elementor-top-section elementor-element elementor-element-697d89b elementor-section-boxed elementor-section-height-default elementor-section-height-default\" data-id=\"697d89b\" data-element_type=\"section\">\n\t\t\t\t\t\t<div class=\"elementor-container elementor-column-gap-default\">\n\t\t\t\t\t<div class=\"elementor-column elementor-col-100 elementor-top-column elementor-element elementor-element-0073cef\" data-id=\"0073cef\" data-element_type=\"column\">\n\t\t\t<div class=\"elementor-widget-wrap elementor-element-populated\">\n\t\t\t\t\t\t\t\t<div class=\"elementor-element elementor-element-8ba597c elementor-widget elementor-widget-text-editor\" data-id=\"8ba597c\" data-element_type=\"widget\" data-widget_type=\"text-editor.default\">\n\t\t\t\t<div class=\"elementor-widget-container\">\n\t\t\t<style>\/*! elementor - v3.6.6 - 08-06-2022 *\/\n.elementor-widget-text-editor.elementor-drop-cap-view-stacked .elementor-drop-cap{background-color:#818a91;color:#fff}.elementor-widget-text-editor.elementor-drop-cap-view-framed .elementor-drop-cap{color:#818a91;border:3px solid;background-color:transparent}.elementor-widget-text-editor:not(.elementor-drop-cap-view-default) .elementor-drop-cap{margin-top:8px}.elementor-widget-text-editor:not(.elementor-drop-cap-view-default) .elementor-drop-cap-letter{width:1em;height:1em}.elementor-widget-text-editor .elementor-drop-cap{float:left;text-align:center;line-height:1;font-size:50px}.elementor-widget-text-editor .elementor-drop-cap-letter{display:inline-block}<\/style>\t\t\t\t<p>En Alquiler Madrid podr\u00e1s encontrar una amplia selecci\u00f3n de <a href=\"https:\/\/www.alquiler-madrid.com\/es\/oficinas-alquiler-madrid\/\"><strong>Offices<\/strong><\/a> de calidad donde podr\u00e1s realizar tu actividad comercial en las mejores zonas de Madrid, en <a href=\"https:\/\/www.alquiler-madrid.com\/es\/edificios-alquiler-madrid\/\"><strong>buildings<\/strong><\/a> emblem\u00e1ticos, representativos y singulares en las mejores ubicaciones, transmitiendo a tus clientes la tranquilidad y confianza que har\u00e1n brillar tu negocio para que tengan el mejor de los resultados.\u00a0<\/p><p>Tenemos oficinas di\u00e1fanas con<a href=\"https:\/\/www.alquiler-madrid.com\/es\/todos-los-inmuebles-alquiler-madrid\/principe-de-vergara-37-planta-tipo\/\"><strong> luz natural<\/strong><\/a>, equipadas con todo lo necesario para el buen funcionamiento de tu actividad. No lo dudes, si buscas una oficina en Madrid acierta eligiendo la mejor opci\u00f3n con Alquiler Madrid<\/p>\t\t\t\t\t\t<\/div>\n\t\t\t\t<\/div>\n\t\t\t\t\t<\/div>\n\t\t<\/div>\n\t\t\t\t\t\t\t<\/div>\n\t\t<\/section>\n\t\t\t\t<section class=\"elementor-section elementor-top-section elementor-element elementor-element-11f9eaf elementor-section-full_width elementor-section-content-top elementor-section-stretched elementor-section-height-default elementor-section-height-default\" data-id=\"11f9eaf\" data-element_type=\"section\" data-settings=\"{&quot;stretch_section&quot;:&quot;section-stretched&quot;}\">\n\t\t\t\t\t\t<div class=\"elementor-container elementor-column-gap-default\">\n\t\t\t\t\t<div class=\"elementor-column elementor-col-25 elementor-top-column elementor-element elementor-element-f02cc38\" data-id=\"f02cc38\" data-element_type=\"column\">\n\t\t\t<div class=\"elementor-widget-wrap elementor-element-populated\">\n\t\t\t\t\t\t\t\t<div class=\"elementor-element elementor-element-94d9569 elementor-widget elementor-widget-image\" data-id=\"94d9569\" data-element_type=\"widget\" data-widget_type=\"image.default\">\n\t\t\t\t<div class=\"elementor-widget-container\">\n\t\t\t<style>\/*! elementor - v3.6.6 - 08-06-2022 *\/\n.elementor-widget-image{text-align:center}.elementor-widget-image a{display:inline-block}.elementor-widget-image a img[src$=\".svg\"]{width:48px}.elementor-widget-image img{vertical-align:middle;display:inline-block}<\/style>\t\t\t\t\t\t\t\t\t<figure class=\"wp-caption\">\n\t\t\t\t\t\t\t\t\t\t\t<a href=\"https:\/\/www.alquiler-madrid.com\/es\/inmuebles-alquiler-madrid\/alquiler-oficina-alcala-96\/\">\n\t\t\t\t\t\t\t<img loading=\"lazy\" decoding=\"async\" width=\"1024\" height=\"768\" src=\"\/wp-content\/uploads\/2022\/04\/Alcala-96-7odcha-proyecto-3_edit.jpeg\" class=\"attachment-large size-large\" alt=\"\" srcset=\"\/wp-content\/uploads\/2022\/04\/Alcala-96-7odcha-proyecto-3_edit.jpeg 1024w, \/wp-content\/uploads\/2022\/04\/Alcala-96-7odcha-proyecto-3_edit-300x225.jpeg 300w, \/wp-content\/uploads\/2022\/04\/Alcala-96-7odcha-proyecto-3_edit-768x576.jpeg 768w, \/wp-content\/uploads\/2022\/04\/Alcala-96-7odcha-proyecto-3_edit-16x12.jpeg 16w\" sizes=\"auto, (max-width: 1024px) 100vw, 1024px\" \/>\t\t\t\t\t\t\t\t<\/a>\n\t\t\t\t\t\t\t\t\t\t\t<figcaption class=\"widget-image-caption wp-caption-text\">Alcal\u00e1, 96<\/figcaption>\n\t\t\t\t\t\t\t\t\t\t<\/figure>\n\t\t\t\t\t\t\t\t\t<\/div>\n\t\t\t\t<\/div>\n\t\t\t\t\t<\/div>\n\t\t<\/div>\n\t\t\t\t<div class=\"elementor-column elementor-col-25 elementor-top-column elementor-element elementor-element-61ed23f\" data-id=\"61ed23f\" data-element_type=\"column\">\n\t\t\t<div class=\"elementor-widget-wrap elementor-element-populated\">\n\t\t\t\t\t\t\t\t<div class=\"elementor-element elementor-element-4c4ca5c elementor-widget elementor-widget-image\" data-id=\"4c4ca5c\" data-element_type=\"widget\" data-widget_type=\"image.default\">\n\t\t\t\t<div class=\"elementor-widget-container\">\n\t\t\t\t\t\t\t\t\t\t\t\t<figure class=\"wp-caption\">\n\t\t\t\t\t\t\t\t\t\t\t<a href=\"https:\/\/www.alquiler-madrid.com\/es\/inmuebles-alquiler-madrid\/alquiler-oficina-principe-de-vergara-37\/\">\n\t\t\t\t\t\t\t<img loading=\"lazy\" decoding=\"async\" width=\"1024\" height=\"768\" src=\"\/wp-content\/uploads\/2022\/04\/Principe-de-Vergara-37-Modelo-B-10-2yca5hnv3awnm85p6k3cw0.jpg\" class=\"attachment-large size-large\" alt=\"\" srcset=\"\/wp-content\/uploads\/2022\/04\/Principe-de-Vergara-37-Modelo-B-10-2yca5hnv3awnm85p6k3cw0.jpg 1024w, \/wp-content\/uploads\/2022\/04\/Principe-de-Vergara-37-Modelo-B-10-2yca5hnv3awnm85p6k3cw0-300x225.jpg 300w, \/wp-content\/uploads\/2022\/04\/Principe-de-Vergara-37-Modelo-B-10-2yca5hnv3awnm85p6k3cw0-768x576.jpg 768w, \/wp-content\/uploads\/2022\/04\/Principe-de-Vergara-37-Modelo-B-10-2yca5hnv3awnm85p6k3cw0-16x12.jpg 16w\" sizes=\"auto, (max-width: 1024px) 100vw, 1024px\" \/>\t\t\t\t\t\t\t\t<\/a>\n\t\t\t\t\t\t\t\t\t\t\t<figcaption class=\"widget-image-caption wp-caption-text\">Prince of Vergara, 37<\/figcaption>\n\t\t\t\t\t\t\t\t\t\t<\/figure>\n\t\t\t\t\t\t\t\t\t<\/div>\n\t\t\t\t<\/div>\n\t\t\t\t\t<\/div>\n\t\t<\/div>\n\t\t\t\t<div class=\"elementor-column elementor-col-25 elementor-top-column elementor-element elementor-element-660d9c7\" data-id=\"660d9c7\" data-element_type=\"column\">\n\t\t\t<div class=\"elementor-widget-wrap elementor-element-populated\">\n\t\t\t\t\t\t\t\t<div class=\"elementor-element elementor-element-5c61b27 elementor-widget elementor-widget-image\" data-id=\"5c61b27\" data-element_type=\"widget\" data-widget_type=\"image.default\">\n\t\t\t\t<div class=\"elementor-widget-container\">\n\t\t\t\t\t\t\t\t\t\t\t\t<figure class=\"wp-caption\">\n\t\t\t\t\t\t\t\t\t\t\t<a href=\"https:\/\/www.alquiler-madrid.com\/es\/inmuebles-alquiler-madrid\/alquiler-oficina-reina-17\/\">\n\t\t\t\t\t\t\t<img loading=\"lazy\" decoding=\"async\" width=\"1024\" height=\"768\" src=\"\/wp-content\/uploads\/2022\/04\/Reina-17-1oplanta-191-2y5yutzf66nocv91lleyo0.jpg\" class=\"attachment-large size-large\" alt=\"\" srcset=\"\/wp-content\/uploads\/2022\/04\/Reina-17-1oplanta-191-2y5yutzf66nocv91lleyo0.jpg 1024w, \/wp-content\/uploads\/2022\/04\/Reina-17-1oplanta-191-2y5yutzf66nocv91lleyo0-300x225.jpg 300w, \/wp-content\/uploads\/2022\/04\/Reina-17-1oplanta-191-2y5yutzf66nocv91lleyo0-768x576.jpg 768w\" sizes=\"auto, (max-width: 1024px) 100vw, 1024px\" \/>\t\t\t\t\t\t\t\t<\/a>\n\t\t\t\t\t\t\t\t\t\t\t<figcaption class=\"widget-image-caption wp-caption-text\">Reina, 17<\/figcaption>\n\t\t\t\t\t\t\t\t\t\t<\/figure>\n\t\t\t\t\t\t\t\t\t<\/div>\n\t\t\t\t<\/div>\n\t\t\t\t\t<\/div>\n\t\t<\/div>\n\t\t\t\t<div class=\"elementor-column elementor-col-25 elementor-top-column elementor-element elementor-element-0820d77\" data-id=\"0820d77\" data-element_type=\"column\">\n\t\t\t<div class=\"elementor-widget-wrap elementor-element-populated\">\n\t\t\t\t\t\t\t\t<div class=\"elementor-element elementor-element-809d573 elementor-widget elementor-widget-image\" data-id=\"809d573\" data-element_type=\"widget\" data-widget_type=\"image.default\">\n\t\t\t\t<div class=\"elementor-widget-container\">\n\t\t\t\t\t\t\t\t\t\t\t\t<figure class=\"wp-caption\">\n\t\t\t\t\t\t\t\t\t\t\t<a href=\"https:\/\/www.alquiler-madrid.com\/es\/inmuebles-alquiler-madrid\/alquiler-oficina-bravo-murillo-120\/\">\n\t\t\t\t\t\t\t<img loading=\"lazy\" decoding=\"async\" width=\"1024\" height=\"768\" src=\"\/wp-content\/uploads\/2014\/12\/Bravo-Murillo-120-Oficina-B-C-7-1024x768.jpg\" class=\"attachment-large size-large\" alt=\"\" srcset=\"\/wp-content\/uploads\/2014\/12\/Bravo-Murillo-120-Oficina-B-C-7-1024x768.jpg 1024w, \/wp-content\/uploads\/2014\/12\/Bravo-Murillo-120-Oficina-B-C-7-300x225.jpg 300w, \/wp-content\/uploads\/2014\/12\/Bravo-Murillo-120-Oficina-B-C-7.jpg 1280w\" sizes=\"auto, (max-width: 1024px) 100vw, 1024px\" \/>\t\t\t\t\t\t\t\t<\/a>\n\t\t\t\t\t\t\t\t\t\t\t<figcaption class=\"widget-image-caption wp-caption-text\">Bravo Murillo, 120<\/figcaption>\n\t\t\t\t\t\t\t\t\t\t<\/figure>\n\t\t\t\t\t\t\t\t\t<\/div>\n\t\t\t\t<\/div>\n\t\t\t\t\t<\/div>\n\t\t<\/div>\n\t\t\t\t\t\t\t<\/div>\n\t\t<\/section>\n\t\t\t\t<section class=\"elementor-section elementor-top-section elementor-element elementor-element-6d5b161 elementor-section-stretched elementor-section-full_width elementor-section-height-default elementor-section-height-default\" data-id=\"6d5b161\" data-element_type=\"section\" data-settings=\"{&quot;stretch_section&quot;:&quot;section-stretched&quot;}\">\n\t\t\t\t\t\t<div class=\"elementor-container elementor-column-gap-default\">\n\t\t\t\t\t<div class=\"elementor-column elementor-col-25 elementor-top-column elementor-element elementor-element-4749e53\" data-id=\"4749e53\" data-element_type=\"column\">\n\t\t\t<div class=\"elementor-widget-wrap elementor-element-populated\">\n\t\t\t\t\t\t\t\t<div class=\"elementor-element elementor-element-7f09f88 elementor-widget elementor-widget-image\" data-id=\"7f09f88\" data-element_type=\"widget\" data-widget_type=\"image.default\">\n\t\t\t\t<div class=\"elementor-widget-container\">\n\t\t\t\t\t\t\t\t\t\t\t\t<figure class=\"wp-caption\">\n\t\t\t\t\t\t\t\t\t\t\t<a href=\"https:\/\/www.alquiler-madrid.com\/es\/inmuebles-alquiler-madrid\/alquiler-oficina-principe-de-vergara-12\/\">\n\t\t\t\t\t\t\t<img loading=\"lazy\" decoding=\"async\" width=\"1024\" height=\"768\" src=\"\/wp-content\/uploads\/2022\/04\/Principe-de-vergara-12-Oficina-Modelo-A-2-2ys3qqwir79vfatwu1su0w.png\" class=\"attachment-large size-large\" alt=\"\" srcset=\"\/wp-content\/uploads\/2022\/04\/Principe-de-vergara-12-Oficina-Modelo-A-2-2ys3qqwir79vfatwu1su0w.png 1024w, \/wp-content\/uploads\/2022\/04\/Principe-de-vergara-12-Oficina-Modelo-A-2-2ys3qqwir79vfatwu1su0w-300x225.png 300w, \/wp-content\/uploads\/2022\/04\/Principe-de-vergara-12-Oficina-Modelo-A-2-2ys3qqwir79vfatwu1su0w-768x576.png 768w\" sizes=\"auto, (max-width: 1024px) 100vw, 1024px\" \/>\t\t\t\t\t\t\t\t<\/a>\n\t\t\t\t\t\t\t\t\t\t\t<figcaption class=\"widget-image-caption wp-caption-text\">Prince of Vergara, 12<\/figcaption>\n\t\t\t\t\t\t\t\t\t\t<\/figure>\n\t\t\t\t\t\t\t\t\t<\/div>\n\t\t\t\t<\/div>\n\t\t\t\t\t<\/div>\n\t\t<\/div>\n\t\t\t\t<div class=\"elementor-column elementor-col-25 elementor-top-column elementor-element elementor-element-e4aa652\" data-id=\"e4aa652\" data-element_type=\"column\">\n\t\t\t<div class=\"elementor-widget-wrap elementor-element-populated\">\n\t\t\t\t\t\t\t\t<div class=\"elementor-element elementor-element-9845920 elementor-widget elementor-widget-image\" data-id=\"9845920\" data-element_type=\"widget\" data-widget_type=\"image.default\">\n\t\t\t\t<div class=\"elementor-widget-container\">\n\t\t\t\t\t\t\t\t\t\t\t\t<figure class=\"wp-caption\">\n\t\t\t\t\t\t\t\t\t\t\t<a href=\"https:\/\/www.alquiler-madrid.com\/es\/todos-los-inmuebles-alquiler-madrid\/ronda-del-canillo-35-oficina-talavera\/\">\n\t\t\t\t\t\t\t<img loading=\"lazy\" decoding=\"async\" width=\"1024\" height=\"768\" src=\"\/wp-content\/uploads\/2022\/06\/Alquiler-Madrid-2ysssa8ivtxaa1tejfkx6o-3.jpg\" class=\"attachment-large size-large\" alt=\"\" srcset=\"\/wp-content\/uploads\/2022\/06\/Alquiler-Madrid-2ysssa8ivtxaa1tejfkx6o-3.jpg 1024w, \/wp-content\/uploads\/2022\/06\/Alquiler-Madrid-2ysssa8ivtxaa1tejfkx6o-3-300x225.jpg 300w, \/wp-content\/uploads\/2022\/06\/Alquiler-Madrid-2ysssa8ivtxaa1tejfkx6o-3-768x576.jpg 768w, \/wp-content\/uploads\/2022\/06\/Alquiler-Madrid-2ysssa8ivtxaa1tejfkx6o-3-16x12.jpg 16w\" sizes=\"auto, (max-width: 1024px) 100vw, 1024px\" \/>\t\t\t\t\t\t\t\t<\/a>\n\t\t\t\t\t\t\t\t\t\t\t<figcaption class=\"widget-image-caption wp-caption-text\">ROUND OF THE CANILLO, 35 (tALAVERA)<\/figcaption>\n\t\t\t\t\t\t\t\t\t\t<\/figure>\n\t\t\t\t\t\t\t\t\t<\/div>\n\t\t\t\t<\/div>\n\t\t\t\t\t<\/div>\n\t\t<\/div>\n\t\t\t\t<div class=\"elementor-column elementor-col-25 elementor-top-column elementor-element elementor-element-052e05e\" data-id=\"052e05e\" data-element_type=\"column\">\n\t\t\t<div class=\"elementor-widget-wrap\">\n\t\t\t\t\t\t\t\t\t<\/div>\n\t\t<\/div>\n\t\t\t\t<div class=\"elementor-column elementor-col-25 elementor-top-column elementor-element elementor-element-8ffa78f\" data-id=\"8ffa78f\" data-element_type=\"column\">\n\t\t\t<div class=\"elementor-widget-wrap\">\n\t\t\t\t\t\t\t\t\t<\/div>\n\t\t<\/div>\n\t\t\t\t\t\t\t<\/div>\n\t\t<\/section>\n\t\t\t\t\t\t\t<\/div>","protected":false},"excerpt":{"rendered":"<p>En Alquiler Madrid podr\u00e1s encontrar una amplia selecci\u00f3n de oficinas de calidad donde podr\u00e1s realizar tu actividad comercial en las mejores zonas de Madrid, en edificios emblem\u00e1ticos, representativos y singulares en las mejores ubicaciones, transmitiendo a tus clientes la tranquilidad y confianza que har\u00e1n brillar tu negocio para que tengan el mejor de los resultados.\u00a0 Tenemos oficinas di\u00e1fanas con luz natural, equipadas con todo &#8230;<\/p>","protected":false},"author":2,"featured_media":1935,"parent":0,"menu_order":9,"comment_status":"closed","ping_status":"closed","template":"","meta":{"_yoast_wpseo_title":"","_yoast_wpseo_metadesc":"","_yoast_wpseo_focuskw":"","rank_math_title":"Oficinas en alquiler en Madrid | Alquiler-Madrid","rank_math_description":"Descubre las mejores oficinas en alquiler en Madrid. Contamos con diferentes ubicaciones que se adaptar\u00e1n a las necesidades de tu empresa.","rank_math_focus_keyword":"oficinas en alquiler","footnotes":""},"class_list":["post-22","page","type-page","status-publish","has-post-thumbnail","hentry"],"_links":{"self":[{"href":"https:\/\/www.alquiler-madrid.com\/en\/wp-json\/wp\/v2\/pages\/22","targetHints":{"allow":["GET"]}}],"collection":[{"href":"https:\/\/www.alquiler-madrid.com\/en\/wp-json\/wp\/v2\/pages"}],"about":[{"href":"https:\/\/www.alquiler-madrid.com\/en\/wp-json\/wp\/v2\/types\/page"}],"author":[{"embeddable":true,"href":"https:\/\/www.alquiler-madrid.com\/en\/wp-json\/wp\/v2\/users\/2"}],"replies":[{"embeddable":true,"href":"https:\/\/www.alquiler-madrid.com\/en\/wp-json\/wp\/v2\/comments?post=22"}],"version-history":[{"count":1,"href":"https:\/\/www.alquiler-madrid.com\/en\/wp-json\/wp\/v2\/pages\/22\/revisions"}],"predecessor-version":[{"id":34774,"href":"https:\/\/www.alquiler-madrid.com\/en\/wp-json\/wp\/v2\/pages\/22\/revisions\/34774"}],"wp:featuredmedia":[{"embeddable":true,"href":"https:\/\/www.alquiler-madrid.com\/en\/wp-json\/wp\/v2\/media\/1935"}],"wp:attachment":[{"href":"https:\/\/www.alquiler-madrid.com\/en\/wp-json\/wp\/v2\/media?parent=22"}],"curies":[{"name":"wp","href":"https:\/\/api.w.org\/{rel}","templated":true}]}}