{"id":8082,"date":"2015-12-15T09:59:21","date_gmt":"2015-12-15T09:59:21","guid":{"rendered":"http:\/\/wpresidence.net\/?page_id=8082"},"modified":"2015-12-15T09:59:21","modified_gmt":"2015-12-15T09:59:21","slug":"blog-list-shortcodes","status":"publish","type":"page","link":"https:\/\/www.alquiler-madrid.com\/en\/blog-list-shortcodes\/","title":{"rendered":"Blog List Shortcodes"},"content":{"rendered":"<p>\t\t\t\t[vc_row][vc_column]<div class=\"article_container slider_container bottom-articles nobutton\" ><h2 class=\"shortcode_title title_slider\">Blog Post Slider<\/h2><div class=\"shortcode_slider_wrapper\" ><div class=\"shortcode_slider_list slider_no6252 arrow_class_top\" data-items-per-row=\"3\"  data-auto=\"0\" ><div class=\"slider_prop_wrapper   three_per_row\" >  \n\n<div  class=\"col-md- shortcode-col  listing_wrapper blog2v\"> \n    <div class=\"property_listing_blog\" data-link=\"https:\/\/www.alquiler-madrid.com\/en\/alquilar-piso-en-madrid-sin-intermediarios-guia-paso-a-paso\/\">\n        <div class=\"blog_unit_image\"><a href=\"https:\/\/www.alquiler-madrid.com\/en\/alquilar-piso-en-madrid-sin-intermediarios-guia-paso-a-paso\/\" ><img loading=\"lazy\" decoding=\"async\" width=\"525\" height=\"328\" src=\"\/wp-content\/uploads\/2026\/03\/alquilar-piso-en-madrid-sin-intermediarios-guia-paso-a-paso-525x328.png\" class=\"lazyload img-responsive wp-post-image\" alt=\"Propietario e inquilina firman contrato en sal\u00f3n luminoso; escena para alquilar piso en Madrid sin intermediarios.\" data-original=\"\/wp-content\/uploads\/2026\/03\/alquilar-piso-en-madrid-sin-intermediarios-guia-paso-a-paso-525x328.png\" srcset=\"\/wp-content\/uploads\/2026\/03\/alquilar-piso-en-madrid-sin-intermediarios-guia-paso-a-paso-525x328.png 525w, \/wp-content\/uploads\/2026\/03\/alquilar-piso-en-madrid-sin-intermediarios-guia-paso-a-paso-18x12.png 18w\" sizes=\"auto, (max-width: 525px) 100vw, 525px\" \/><\/a><\/div>\n           <h4>\n               <a href=\"https:\/\/www.alquiler-madrid.com\/en\/alquilar-piso-en-madrid-sin-intermediarios-guia-paso-a-paso\/\" class=\"blog_unit_title\">C\u00f3mo alquilar piso en Madrid sin intermediar...<\/a> \n           <\/h4>\n        \n           <div class=\"blog_unit_meta\">\n            Mar 26, 2026            \n           <\/div>\n           \n            <div class=\"listing_details the_grid_view\">\n                Si quieres alquilar piso en Madrid sin agencias, esta gu\u00eda pr\u00e1ctica te acompa\u00f1a desde la b\u00fasqueda hasta la firma de <a href=\"https:\/\/www.alquiler-madrid.com\/en\/alquilar-piso-en-madrid-sin-intermediarios-guia-paso-a-paso\/\" class=\"unit_more_x\">...<\/a>            <\/div>\n\n            <a class=\"read_more\" href=\"https:\/\/www.alquiler-madrid.com\/en\/alquilar-piso-en-madrid-sin-intermediarios-guia-paso-a-paso\/\"> Continue reading<i class=\"fas fa-angle-right\"><\/i> <\/a>\n\n        <\/div>          \n    <\/div>      <\/div><div class=\"slider_prop_wrapper   three_per_row\" >  \n\n<div  class=\"col-md- shortcode-col  listing_wrapper blog2v\"> \n    <div class=\"property_listing_blog\" data-link=\"https:\/\/www.alquiler-madrid.com\/en\/preparar-vivienda-para-alquiler-checklist-primavera-madrid\/\">\n        <div class=\"blog_unit_image\"><a href=\"https:\/\/www.alquiler-madrid.com\/en\/preparar-vivienda-para-alquiler-checklist-primavera-madrid\/\" ><img loading=\"lazy\" decoding=\"async\" width=\"525\" height=\"328\" src=\"\/wp-content\/uploads\/2026\/03\/preparar-vivienda-para-alquiler-checklist-primavera-madrid-525x328.png\" class=\"lazyload img-responsive wp-post-image\" alt=\"Sal\u00f3n luminoso en Madrid en primavera: checklist y profesional ventilando, preparar vivienda para alquiler antes de visitas.\" data-original=\"\/wp-content\/uploads\/2026\/03\/preparar-vivienda-para-alquiler-checklist-primavera-madrid-525x328.png\" srcset=\"\/wp-content\/uploads\/2026\/03\/preparar-vivienda-para-alquiler-checklist-primavera-madrid-525x328.png 525w, \/wp-content\/uploads\/2026\/03\/preparar-vivienda-para-alquiler-checklist-primavera-madrid-18x12.png 18w\" sizes=\"auto, (max-width: 525px) 100vw, 525px\" \/><\/a><\/div>\n           <h4>\n               <a href=\"https:\/\/www.alquiler-madrid.com\/en\/preparar-vivienda-para-alquiler-checklist-primavera-madrid\/\" class=\"blog_unit_title\">Checklist: preparar vivienda para alquiler e...<\/a> \n           <\/h4>\n        \n           <div class=\"blog_unit_meta\">\n            Mar 12, 2026            \n           <\/div>\n           \n            <div class=\"listing_details the_grid_view\">\n                Si vas a preparar vivienda para alquiler esta primavera en Madrid, esta checklist pr\u00e1ctica te ayudar\u00e1 a publicar r\u00e1 <a href=\"https:\/\/www.alquiler-madrid.com\/en\/preparar-vivienda-para-alquiler-checklist-primavera-madrid\/\" class=\"unit_more_x\">...<\/a>            <\/div>\n\n            <a class=\"read_more\" href=\"https:\/\/www.alquiler-madrid.com\/en\/preparar-vivienda-para-alquiler-checklist-primavera-madrid\/\"> Continue reading<i class=\"fas fa-angle-right\"><\/i> <\/a>\n\n        <\/div>          \n    <\/div>      <\/div><div class=\"slider_prop_wrapper   three_per_row\" >  \n\n<div  class=\"col-md- shortcode-col  listing_wrapper blog2v\"> \n    <div class=\"property_listing_blog\" data-link=\"https:\/\/www.alquiler-madrid.com\/en\/alquiler-sin-intermediarios-madrid-guia-propietarios\/\">\n        <div class=\"blog_unit_image\"><a href=\"https:\/\/www.alquiler-madrid.com\/en\/alquiler-sin-intermediarios-madrid-guia-propietarios\/\" ><img loading=\"lazy\" decoding=\"async\" width=\"525\" height=\"328\" src=\"\/wp-content\/uploads\/2026\/03\/alquiler-sin-intermediarios-madrid-guia-propietarios-525x328.png\" class=\"lazyload img-responsive wp-post-image\" alt=\"Propietario entrega llaves a pareja en piso luminoso de Madrid, alquiler sin intermediarios con luz c\u00e1lida y confianza.\" data-original=\"\/wp-content\/uploads\/2026\/03\/alquiler-sin-intermediarios-madrid-guia-propietarios-525x328.png\" srcset=\"\/wp-content\/uploads\/2026\/03\/alquiler-sin-intermediarios-madrid-guia-propietarios-525x328.png 525w, \/wp-content\/uploads\/2026\/03\/alquiler-sin-intermediarios-madrid-guia-propietarios-18x12.png 18w\" sizes=\"auto, (max-width: 525px) 100vw, 525px\" \/><\/a><\/div>\n           <h4>\n               <a href=\"https:\/\/www.alquiler-madrid.com\/en\/alquiler-sin-intermediarios-madrid-guia-propietarios\/\" class=\"blog_unit_title\">Alquiler sin intermediarios en Madrid: gu\u00eda ...<\/a> \n           <\/h4>\n        \n           <div class=\"blog_unit_meta\">\n            Feb 26, 2026            \n           <\/div>\n           \n            <div class=\"listing_details the_grid_view\">\n                Empezar a gestionar tu inmueble en Madrid mediante alquiler sin intermediarios te ofrece control total, mayor renta <a href=\"https:\/\/www.alquiler-madrid.com\/en\/alquiler-sin-intermediarios-madrid-guia-propietarios\/\" class=\"unit_more_x\">...<\/a>            <\/div>\n\n            <a class=\"read_more\" href=\"https:\/\/www.alquiler-madrid.com\/en\/alquiler-sin-intermediarios-madrid-guia-propietarios\/\"> Continue reading<i class=\"fas fa-angle-right\"><\/i> <\/a>\n\n        <\/div>          \n    <\/div>      <\/div><div class=\"slider_prop_wrapper   three_per_row\" >  \n\n<div  class=\"col-md- shortcode-col  listing_wrapper blog2v\"> \n    <div class=\"property_listing_blog\" data-link=\"https:\/\/www.alquiler-madrid.com\/en\/preparar-piso-para-alquiler-madrid-febrero\/\">\n        <div class=\"blog_unit_image\"><a href=\"https:\/\/www.alquiler-madrid.com\/en\/preparar-piso-para-alquiler-madrid-febrero\/\" ><img loading=\"lazy\" decoding=\"async\" width=\"525\" height=\"328\" src=\"\/wp-content\/uploads\/2026\/03\/preparar-piso-para-alquiler-madrid-tras-el-invierno-525x328.png\" class=\"lazyload img-responsive wp-post-image\" alt=\"Gestor inmobiliario inspecciona sal\u00f3n, radiador y humedades tras el invierno para preparar piso para alquiler en Madrid.\" data-original=\"\/wp-content\/uploads\/2026\/03\/preparar-piso-para-alquiler-madrid-tras-el-invierno-525x328.png\" srcset=\"\/wp-content\/uploads\/2026\/03\/preparar-piso-para-alquiler-madrid-tras-el-invierno-525x328.png 525w, \/wp-content\/uploads\/2026\/03\/preparar-piso-para-alquiler-madrid-tras-el-invierno-18x12.png 18w\" sizes=\"auto, (max-width: 525px) 100vw, 525px\" \/><\/a><\/div>\n           <h4>\n               <a href=\"https:\/\/www.alquiler-madrid.com\/en\/preparar-piso-para-alquiler-madrid-febrero\/\" class=\"blog_unit_title\">C\u00f3mo preparar un piso para alquiler en Madri...<\/a> \n           <\/h4>\n        \n           <div class=\"blog_unit_meta\">\n            Feb 12, 2026            \n           <\/div>\n           \n            <div class=\"listing_details the_grid_view\">\n                En Madrid, marzo es el momento ideal para preparar piso para alquiler tras el fr\u00edo y la humedad. Con un plan claro, <a href=\"https:\/\/www.alquiler-madrid.com\/en\/preparar-piso-para-alquiler-madrid-febrero\/\" class=\"unit_more_x\">...<\/a>            <\/div>\n\n            <a class=\"read_more\" href=\"https:\/\/www.alquiler-madrid.com\/en\/preparar-piso-para-alquiler-madrid-febrero\/\"> Continue reading<i class=\"fas fa-angle-right\"><\/i> <\/a>\n\n        <\/div>          \n    <\/div>      <\/div><\/div><\/div><\/div>[\/vc_column][\/vc_row][vc_row][vc_column]<div id=\"wpestate_sh_anime_267\" class=\"article_container wpestate_anime wpestate_latest_listings_sh bottom-post  blogs_wrapper\"  data-type=\"post\" data-category_ids=\"\" data-action_ids=\"\" data-city_ids=\"\" data-area_ids=\"\" data-state_ids=\"\" data-status_ids=\"\" data-number=\"3\" data-row-number=\"3\" data-card-version=\"\" data-align=\"vertical\" data-show_featured_only=\"no\"  data-random_pick=\"no\"  data-featured_first=\"no\" data-sort-by=\"0\"data-page=\"1\" ><h2 class=\"shortcode_title\">Recent Articles Shortcode<\/h2>  \n\n<div  class=\"col-md-4 shortcode-col  listing_wrapper blog2v\"> \n    <div class=\"property_listing_blog\" data-link=\"https:\/\/www.alquiler-madrid.com\/en\/alquilar-piso-en-madrid-sin-intermediarios-guia-paso-a-paso\/\">\n        <div class=\"blog_unit_image\"><a href=\"https:\/\/www.alquiler-madrid.com\/en\/alquilar-piso-en-madrid-sin-intermediarios-guia-paso-a-paso\/\" ><img loading=\"lazy\" decoding=\"async\" width=\"525\" height=\"328\" src=\"\/wp-content\/uploads\/2026\/03\/alquilar-piso-en-madrid-sin-intermediarios-guia-paso-a-paso-525x328.png\" class=\"lazyload img-responsive wp-post-image\" alt=\"Propietario e inquilina firman contrato en sal\u00f3n luminoso; escena para alquilar piso en Madrid sin intermediarios.\" data-original=\"\/wp-content\/uploads\/2026\/03\/alquilar-piso-en-madrid-sin-intermediarios-guia-paso-a-paso-525x328.png\" srcset=\"\/wp-content\/uploads\/2026\/03\/alquilar-piso-en-madrid-sin-intermediarios-guia-paso-a-paso-525x328.png 525w, \/wp-content\/uploads\/2026\/03\/alquilar-piso-en-madrid-sin-intermediarios-guia-paso-a-paso-18x12.png 18w\" sizes=\"auto, (max-width: 525px) 100vw, 525px\" \/><\/a><\/div>\n           <h4>\n               <a href=\"https:\/\/www.alquiler-madrid.com\/en\/alquilar-piso-en-madrid-sin-intermediarios-guia-paso-a-paso\/\" class=\"blog_unit_title\">C\u00f3mo alquilar piso en Madrid sin intermediar...<\/a> \n           <\/h4>\n        \n           <div class=\"blog_unit_meta\">\n            Mar 26, 2026            \n           <\/div>\n           \n            <div class=\"listing_details the_grid_view\">\n                Si quieres alquilar piso en Madrid sin agencias, esta gu\u00eda pr\u00e1ctica te acompa\u00f1a desde la b\u00fasqueda hasta la firma de <a href=\"https:\/\/www.alquiler-madrid.com\/en\/alquilar-piso-en-madrid-sin-intermediarios-guia-paso-a-paso\/\" class=\"unit_more_x\">...<\/a>            <\/div>\n\n            <a class=\"read_more\" href=\"https:\/\/www.alquiler-madrid.com\/en\/alquilar-piso-en-madrid-sin-intermediarios-guia-paso-a-paso\/\"> Continue reading<i class=\"fas fa-angle-right\"><\/i> <\/a>\n\n        <\/div>          \n    <\/div>        \n\n<div  class=\"col-md-4 shortcode-col  listing_wrapper blog2v\"> \n    <div class=\"property_listing_blog\" data-link=\"https:\/\/www.alquiler-madrid.com\/en\/preparar-vivienda-para-alquiler-checklist-primavera-madrid\/\">\n        <div class=\"blog_unit_image\"><a href=\"https:\/\/www.alquiler-madrid.com\/en\/preparar-vivienda-para-alquiler-checklist-primavera-madrid\/\" ><img loading=\"lazy\" decoding=\"async\" width=\"525\" height=\"328\" src=\"\/wp-content\/uploads\/2026\/03\/preparar-vivienda-para-alquiler-checklist-primavera-madrid-525x328.png\" class=\"lazyload img-responsive wp-post-image\" alt=\"Sal\u00f3n luminoso en Madrid en primavera: checklist y profesional ventilando, preparar vivienda para alquiler antes de visitas.\" data-original=\"\/wp-content\/uploads\/2026\/03\/preparar-vivienda-para-alquiler-checklist-primavera-madrid-525x328.png\" srcset=\"\/wp-content\/uploads\/2026\/03\/preparar-vivienda-para-alquiler-checklist-primavera-madrid-525x328.png 525w, \/wp-content\/uploads\/2026\/03\/preparar-vivienda-para-alquiler-checklist-primavera-madrid-18x12.png 18w\" sizes=\"auto, (max-width: 525px) 100vw, 525px\" \/><\/a><\/div>\n           <h4>\n               <a href=\"https:\/\/www.alquiler-madrid.com\/en\/preparar-vivienda-para-alquiler-checklist-primavera-madrid\/\" class=\"blog_unit_title\">Checklist: preparar vivienda para alquiler e...<\/a> \n           <\/h4>\n        \n           <div class=\"blog_unit_meta\">\n            Mar 12, 2026            \n           <\/div>\n           \n            <div class=\"listing_details the_grid_view\">\n                Si vas a preparar vivienda para alquiler esta primavera en Madrid, esta checklist pr\u00e1ctica te ayudar\u00e1 a publicar r\u00e1 <a href=\"https:\/\/www.alquiler-madrid.com\/en\/preparar-vivienda-para-alquiler-checklist-primavera-madrid\/\" class=\"unit_more_x\">...<\/a>            <\/div>\n\n            <a class=\"read_more\" href=\"https:\/\/www.alquiler-madrid.com\/en\/preparar-vivienda-para-alquiler-checklist-primavera-madrid\/\"> Continue reading<i class=\"fas fa-angle-right\"><\/i> <\/a>\n\n        <\/div>          \n    <\/div>        \n\n<div  class=\"col-md-4 shortcode-col  listing_wrapper blog2v\"> \n    <div class=\"property_listing_blog\" data-link=\"https:\/\/www.alquiler-madrid.com\/en\/alquiler-sin-intermediarios-madrid-guia-propietarios\/\">\n        <div class=\"blog_unit_image\"><a href=\"https:\/\/www.alquiler-madrid.com\/en\/alquiler-sin-intermediarios-madrid-guia-propietarios\/\" ><img loading=\"lazy\" decoding=\"async\" width=\"525\" height=\"328\" src=\"\/wp-content\/uploads\/2026\/03\/alquiler-sin-intermediarios-madrid-guia-propietarios-525x328.png\" class=\"lazyload img-responsive wp-post-image\" alt=\"Propietario entrega llaves a pareja en piso luminoso de Madrid, alquiler sin intermediarios con luz c\u00e1lida y confianza.\" data-original=\"\/wp-content\/uploads\/2026\/03\/alquiler-sin-intermediarios-madrid-guia-propietarios-525x328.png\" srcset=\"\/wp-content\/uploads\/2026\/03\/alquiler-sin-intermediarios-madrid-guia-propietarios-525x328.png 525w, \/wp-content\/uploads\/2026\/03\/alquiler-sin-intermediarios-madrid-guia-propietarios-18x12.png 18w\" sizes=\"auto, (max-width: 525px) 100vw, 525px\" \/><\/a><\/div>\n           <h4>\n               <a href=\"https:\/\/www.alquiler-madrid.com\/en\/alquiler-sin-intermediarios-madrid-guia-propietarios\/\" class=\"blog_unit_title\">Alquiler sin intermediarios en Madrid: gu\u00eda ...<\/a> \n           <\/h4>\n        \n           <div class=\"blog_unit_meta\">\n            Feb 26, 2026            \n           <\/div>\n           \n            <div class=\"listing_details the_grid_view\">\n                Empezar a gestionar tu inmueble en Madrid mediante alquiler sin intermediarios te ofrece control total, mayor renta <a href=\"https:\/\/www.alquiler-madrid.com\/en\/alquiler-sin-intermediarios-madrid-guia-propietarios\/\" class=\"unit_more_x\">...<\/a>            <\/div>\n\n            <a class=\"read_more\" href=\"https:\/\/www.alquiler-madrid.com\/en\/alquiler-sin-intermediarios-madrid-guia-propietarios\/\"> Continue reading<i class=\"fas fa-angle-right\"><\/i> <\/a>\n\n        <\/div>          \n    <\/div>      <div class=\"wpestate_listing_sh_loader\">\n       <div class=\"new_prelader\"><\/div>\n    <\/div><div class=\"listinglink-wrapper_sh_listings\">\n           <span class=\"wpresidence_button wpestate_item_list_sh\">  load articles <\/span>\n           <\/div><\/div><script type=\"text\/javascript\">\n                \/\/<![CDATA[\n                jQuery(document).ready(function(){\n                    \/\/wpestate_anime(\"#wpestate_sh_anime_267\");\n                   \/\/ wpestate_property_list_sh(\"#wpestate_sh_anime_267 .wpestate_item_list_sh\", \"#wpestate_sh_anime_267 .control_tax_sh\");\n\n                });\n                \/\/]]>\n            <\/script>[\/vc_column][\/vc_row]\t\t<\/p>","protected":false},"excerpt":{"rendered":"<p>[vc_row][vc_column][\/vc_column][\/vc_row][vc_row][vc_column][\/vc_column][\/vc_row]<\/p>","protected":false},"author":2,"featured_media":0,"parent":0,"menu_order":0,"comment_status":"closed","ping_status":"closed","template":"","meta":{"_yoast_wpseo_title":"","_yoast_wpseo_metadesc":"","_yoast_wpseo_focuskw":"","rank_math_title":"","rank_math_description":"","rank_math_focus_keyword":"","footnotes":""},"class_list":["post-8082","page","type-page","status-publish","hentry"],"_links":{"self":[{"href":"https:\/\/www.alquiler-madrid.com\/en\/wp-json\/wp\/v2\/pages\/8082","targetHints":{"allow":["GET"]}}],"collection":[{"href":"https:\/\/www.alquiler-madrid.com\/en\/wp-json\/wp\/v2\/pages"}],"about":[{"href":"https:\/\/www.alquiler-madrid.com\/en\/wp-json\/wp\/v2\/types\/page"}],"author":[{"embeddable":true,"href":"https:\/\/www.alquiler-madrid.com\/en\/wp-json\/wp\/v2\/users\/2"}],"replies":[{"embeddable":true,"href":"https:\/\/www.alquiler-madrid.com\/en\/wp-json\/wp\/v2\/comments?post=8082"}],"version-history":[{"count":0,"href":"https:\/\/www.alquiler-madrid.com\/en\/wp-json\/wp\/v2\/pages\/8082\/revisions"}],"wp:attachment":[{"href":"https:\/\/www.alquiler-madrid.com\/en\/wp-json\/wp\/v2\/media?parent=8082"}],"curies":[{"name":"wp","href":"https:\/\/api.w.org\/{rel}","templated":true}]}}