{"id":10,"date":"2013-12-24T11:09:33","date_gmt":"2013-12-24T11:09:33","guid":{"rendered":"https:\/\/www.alquiler-madrid.com\/?page_id=10"},"modified":"2025-03-04T00:16:03","modified_gmt":"2025-03-04T00:16:03","slug":"gestion-alquiler-madrid","status":"publish","type":"page","link":"https:\/\/www.alquiler-madrid.com\/es\/gestion-alquiler-madrid\/","title":{"rendered":"Sobre Nosotros"},"content":{"rendered":"\t\t<div data-elementor-type=\"wp-page\" data-elementor-id=\"10\" class=\"elementor elementor-10\">\n\t\t\t\t\t\t\t\t\t<section class=\"elementor-section elementor-top-section elementor-element elementor-element-652646d3 elementor-section-boxed elementor-section-height-default elementor-section-height-default\" data-id=\"652646d3\" data-element_type=\"section\" data-settings=\"{&quot;background_background&quot;:&quot;classic&quot;}\">\n\t\t\t\t\t\t<div class=\"elementor-container elementor-column-gap-default\">\n\t\t\t\t\t<div class=\"elementor-column elementor-col-100 elementor-top-column elementor-element elementor-element-18cd900f\" data-id=\"18cd900f\" data-element_type=\"column\" data-settings=\"{&quot;background_background&quot;:&quot;classic&quot;}\">\n\t\t\t<div class=\"elementor-widget-wrap elementor-element-populated\">\n\t\t\t\t\t\t\t\t<div class=\"elementor-element elementor-element-5aa1b0a elementor-widget elementor-widget-heading\" data-id=\"5aa1b0a\" data-element_type=\"widget\" data-widget_type=\"heading.default\">\n\t\t\t\t<div class=\"elementor-widget-container\">\n\t\t\t<style>\/*! elementor - v3.6.6 - 08-06-2022 *\/\n.elementor-heading-title{padding:0;margin:0;line-height:1}.elementor-widget-heading .elementor-heading-title[class*=elementor-size-]>a{color:inherit;font-size:inherit;line-height:inherit}.elementor-widget-heading .elementor-heading-title.elementor-size-small{font-size:15px}.elementor-widget-heading .elementor-heading-title.elementor-size-medium{font-size:19px}.elementor-widget-heading .elementor-heading-title.elementor-size-large{font-size:29px}.elementor-widget-heading .elementor-heading-title.elementor-size-xl{font-size:39px}.elementor-widget-heading .elementor-heading-title.elementor-size-xxl{font-size:59px}<\/style><h2 class=\"elementor-heading-title elementor-size-default\">Alquiler Madrid<br>__<\/h2>\t\t<\/div>\n\t\t\t\t<\/div>\n\t\t\t\t<div class=\"elementor-element elementor-element-508646ea elementor-widget elementor-widget-text-editor\" data-id=\"508646ea\" data-element_type=\"widget\" data-widget_type=\"text-editor.default\">\n\t\t\t\t<div class=\"elementor-widget-container\">\n\t\t\t<style>\/*! elementor - v3.6.6 - 08-06-2022 *\/\n.elementor-widget-text-editor.elementor-drop-cap-view-stacked .elementor-drop-cap{background-color:#818a91;color:#fff}.elementor-widget-text-editor.elementor-drop-cap-view-framed .elementor-drop-cap{color:#818a91;border:3px solid;background-color:transparent}.elementor-widget-text-editor:not(.elementor-drop-cap-view-default) .elementor-drop-cap{margin-top:8px}.elementor-widget-text-editor:not(.elementor-drop-cap-view-default) .elementor-drop-cap-letter{width:1em;height:1em}.elementor-widget-text-editor .elementor-drop-cap{float:left;text-align:center;line-height:1;font-size:50px}.elementor-widget-text-editor .elementor-drop-cap-letter{display:inline-block}<\/style>\t\t\t\t<h3 data-start=\"953\" data-end=\"1019\"><strong data-start=\"958\" data-end=\"1017\">Gesti\u00f3n de alquiler en Madrid: experiencia y compromiso<\/strong><\/h3><p data-start=\"1021\" data-end=\"1375\">En <strong data-start=\"1024\" data-end=\"1043\">Alquiler Madrid<\/strong>, somos especialistas en la <strong data-start=\"1071\" data-end=\"1104\">gesti\u00f3n de alquiler en Madrid<\/strong>, ofreciendo viviendas, oficinas y locales con un servicio directo y sin intermediarios. Con m\u00e1s de un siglo de experiencia en el sector inmobiliario, nos hemos consolidado como una de las mejores opciones para quienes buscan <strong data-start=\"1330\" data-end=\"1372\">alquilar con confianza y transparencia<\/strong>.<\/p><h3 data-start=\"1377\" data-end=\"1442\"><strong data-start=\"1381\" data-end=\"1440\">Nuestra experiencia en la gesti\u00f3n de alquiler en Madrid<\/strong><\/h3><h4 data-start=\"1444\" data-end=\"1488\">1. <strong data-start=\"1452\" data-end=\"1486\">Un servicio sin intermediarios<\/strong><\/h4><p data-start=\"1489\" data-end=\"1651\">A diferencia de otras inmobiliarias, gestionamos directamente nuestras propiedades, asegurando procesos m\u00e1s \u00e1giles y <strong data-start=\"1606\" data-end=\"1628\">condiciones claras<\/strong> para los inquilinos.<\/p><h4 data-start=\"1653\" data-end=\"1692\">2. <strong data-start=\"1661\" data-end=\"1690\">Compromiso con la calidad<\/strong><\/h4><p data-start=\"1693\" data-end=\"1827\">Nuestra prioridad es ofrecer <strong data-start=\"1722\" data-end=\"1751\">inmuebles bien mantenidos<\/strong>, asegurando el confort y satisfacci\u00f3n de nuestros clientes a largo plazo.<\/p><h4 data-start=\"1829\" data-end=\"1865\">3. <strong data-start=\"1837\" data-end=\"1863\">Atenci\u00f3n personalizada<\/strong><\/h4><p data-start=\"1866\" data-end=\"2026\">Cada contrato de arrendamiento cuenta con el respaldo de nuestro equipo, que se encarga de brindar asesoramiento integral durante todo el proceso de alquiler.<\/p><h3 data-start=\"2028\" data-end=\"2085\"><strong data-start=\"2032\" data-end=\"2083\">Explora nuestras opciones de alquiler en Madrid<\/strong><\/h3><p data-start=\"2086\" data-end=\"2310\">Si buscas <strong data-start=\"2096\" data-end=\"2134\">una vivienda en alquiler en Madrid<\/strong>, te invitamos a conocer nuestro cat\u00e1logo de propiedades disponibles. Contamos con opciones en diferentes zonas de la ciudad, adaptadas a diversas necesidades y presupuestos.<\/p><p data-start=\"2312\" data-end=\"2413\">\ud83d\udccc <strong data-start=\"2315\" data-end=\"2389\">Descubre m\u00e1s sobre nuestros servicios de gesti\u00f3n de alquiler en Madrid<\/strong> en <a href=\"https:\/\/www.alquiler-madrid.com\/es\/viviendas-alquiler-madrid\/\">nuestras viviendas<\/a>.<\/p><p style=\"text-align: right;\">Les esperamos.<\/p>\t\t\t\t\t\t<\/div>\n\t\t\t\t<\/div>\n\t\t\t\t<div class=\"elementor-element elementor-element-acf1e58 elementor-widget elementor-widget-image\" data-id=\"acf1e58\" data-element_type=\"widget\" data-widget_type=\"image.default\">\n\t\t\t\t<div class=\"elementor-widget-container\">\n\t\t\t<style>\/*! elementor - v3.6.6 - 08-06-2022 *\/\n.elementor-widget-image{text-align:center}.elementor-widget-image a{display:inline-block}.elementor-widget-image a img[src$=\".svg\"]{width:48px}.elementor-widget-image img{vertical-align:middle;display:inline-block}<\/style>\t\t\t\t\t\t\t\t\t\t\t\t<img loading=\"lazy\" decoding=\"async\" width=\"80\" height=\"80\" src=\"\/wp-content\/uploads\/2022\/03\/btn-logo.gif\" class=\"attachment-large size-large\" alt=\"Alquiler Madrid\" srcset=\"\/wp-content\/uploads\/2022\/03\/btn-logo.gif 80w, \/wp-content\/uploads\/2022\/03\/btn-logo-45x45.gif 45w, \/wp-content\/uploads\/2022\/03\/btn-logo-36x36.gif 36w\" sizes=\"auto, (max-width: 80px) 100vw, 80px\" \/>\t\t\t\t\t\t\t\t\t\t\t\t\t\t\t<\/div>\n\t\t\t\t<\/div>\n\t\t\t\t\t<\/div>\n\t\t<\/div>\n\t\t\t\t\t\t\t<\/div>\n\t\t<\/section>\n\t\t\t\t\t\t\t<\/div>\n\t\t","protected":false},"excerpt":{"rendered":"<p>Alquiler Madrid__ Gesti\u00f3n de alquiler en Madrid: experiencia y compromiso En Alquiler Madrid, somos especialistas en la gesti\u00f3n de alquiler en Madrid, ofreciendo viviendas, oficinas y locales con un servicio directo y sin intermediarios. Con m\u00e1s de un siglo de experiencia en el sector inmobiliario, nos hemos consolidado como una de las mejores opciones para quienes buscan alquilar con confianza y transparencia. Nuestra experiencia &#8230;<\/p>\n","protected":false},"author":2,"featured_media":30668,"parent":0,"menu_order":15,"comment_status":"closed","ping_status":"closed","template":"elementor_theme","meta":{"_yoast_wpseo_title":"","_yoast_wpseo_metadesc":"","_yoast_wpseo_focuskw":"","rank_math_title":"Gesti\u00f3n de alquiler en Madrid - Expertos en arrendamiento","rank_math_description":"Especialistas en gesti\u00f3n de alquiler en Madrid. M\u00e1s de un siglo ofreciendo viviendas, oficinas y locales sin intermediarios. \u00a1Descubre m\u00e1s!","rank_math_focus_keyword":"Gesti\u00f3n de alquiler en Madrid","footnotes":""},"class_list":["post-10","page","type-page","status-publish","has-post-thumbnail","hentry"],"_links":{"self":[{"href":"https:\/\/www.alquiler-madrid.com\/es\/wp-json\/wp\/v2\/pages\/10","targetHints":{"allow":["GET"]}}],"collection":[{"href":"https:\/\/www.alquiler-madrid.com\/es\/wp-json\/wp\/v2\/pages"}],"about":[{"href":"https:\/\/www.alquiler-madrid.com\/es\/wp-json\/wp\/v2\/types\/page"}],"author":[{"embeddable":true,"href":"https:\/\/www.alquiler-madrid.com\/es\/wp-json\/wp\/v2\/users\/2"}],"replies":[{"embeddable":true,"href":"https:\/\/www.alquiler-madrid.com\/es\/wp-json\/wp\/v2\/comments?post=10"}],"version-history":[{"count":1,"href":"https:\/\/www.alquiler-madrid.com\/es\/wp-json\/wp\/v2\/pages\/10\/revisions"}],"predecessor-version":[{"id":34496,"href":"https:\/\/www.alquiler-madrid.com\/es\/wp-json\/wp\/v2\/pages\/10\/revisions\/34496"}],"wp:featuredmedia":[{"embeddable":true,"href":"https:\/\/www.alquiler-madrid.com\/es\/wp-json\/wp\/v2\/media\/30668"}],"wp:attachment":[{"href":"https:\/\/www.alquiler-madrid.com\/es\/wp-json\/wp\/v2\/media?parent=10"}],"curies":[{"name":"wp","href":"https:\/\/api.w.org\/{rel}","templated":true}]}}