{"id":17988,"date":"2016-03-04T14:08:33","date_gmt":"2016-03-04T14:08:33","guid":{"rendered":"http:\/\/stage.wpresidence.net\/?page_id=17988"},"modified":"2025-01-15T09:29:35","modified_gmt":"2025-01-15T09:29:35","slug":"blog-consejos-alquiler-en-madrid","status":"publish","type":"page","link":"https:\/\/www.alquiler-madrid.com\/es\/blog-consejos-alquiler-en-madrid\/","title":{"rendered":"Blog de Alquiler-Madrid"},"content":{"rendered":"<div class=\"wp-block-image\">\n<figure class=\"alignright size-full is-resized\"><a href=\"\/wp-content\/uploads\/2025\/01\/Alquiler-madrid.jpg\"><img loading=\"lazy\" decoding=\"async\" width=\"640\" height=\"912\" src=\"\/wp-content\/uploads\/2025\/01\/Alquiler-madrid.jpg\" alt=\"blog alquiler Madrid\" class=\"wp-image-34452\" style=\"width:246px;height:auto\" srcset=\"\/wp-content\/uploads\/2025\/01\/Alquiler-madrid.jpg 640w, \/wp-content\/uploads\/2025\/01\/Alquiler-madrid-211x300.jpg 211w, \/wp-content\/uploads\/2025\/01\/Alquiler-madrid-8x12.jpg 8w\" sizes=\"auto, (max-width: 640px) 100vw, 640px\" \/><\/a><\/figure><\/div>\n\n\n<p>Bienvenido al blog de <strong>Alquiler-Madrid<\/strong>, tu espacio de referencia para todo lo relacionado con el alquiler de inmuebles en la capital. Aqu\u00ed encontrar\u00e1s una completa gu\u00eda con consejos pr\u00e1cticos para alquilar edificios, viviendas, locales comerciales, garajes y naves industriales en Madrid.<\/p>\n\n\n\n<p>Adem\u00e1s de mostrarte las propiedades disponibles, te ofrecemos informaci\u00f3n detallada sobre las zonas donde se encuentran, destacando sus principales ventajas y caracter\u00edsticas. Desde barrios residenciales tranquilos hasta \u00e1reas comerciales estrat\u00e9gicas, te ayudamos a elegir la ubicaci\u00f3n perfecta seg\u00fan tus necesidades.<\/p>\n\n\n\n<h2 class=\"wp-block-heading\">Ventajas del alquiler en Madrid frente a comprar<\/h2>\n\n\n\n<p>En este espacio tambi\u00e9n exploramos las <strong>ventajas de alquilar frente a comprar<\/strong>, te explicamos qu\u00e9 aspectos debes considerar antes de firmar un contrato de alquiler, y te mantenemos informado sobre las \u00faltimas tendencias y el estado actual del mercado de alquiler en Madrid. Nuestro objetivo es facilitarte el proceso de alquilar de manera directa y sin intermediarios, garantizando una experiencia \u00e1gil y sin comisiones innecesarias.<\/p>\n\n\n\n<p>Mantente al d\u00eda con los mejores consejos y recursos para alquilar en Madrid. \u00a1Explora nuestro blog y toma decisiones informadas para tu pr\u00f3ximo alquiler!<\/p>\n\n\n\n<h3 class=\"wp-block-heading\"><strong>Somos propietarios de nuestros edificios. \u00a1Alquiler directo sin intermediarios!<\/strong><\/h3>\n","protected":false},"excerpt":{"rendered":"<p>Bienvenido al blog de Alquiler-Madrid, tu espacio de referencia para todo lo relacionado con el alquiler de inmuebles en la capital. Aqu\u00ed encontrar\u00e1s una completa gu\u00eda con consejos pr\u00e1cticos para alquilar edificios, viviendas, locales comerciales, garajes y naves industriales en Madrid. Adem\u00e1s de mostrarte las propiedades disponibles, te ofrecemos informaci\u00f3n detallada sobre las zonas donde se encuentran, destacando sus principales ventajas y caracter\u00edsticas. Desde &#8230;<\/p>\n","protected":false},"author":2,"featured_media":0,"parent":0,"menu_order":0,"comment_status":"closed","ping_status":"closed","template":"blog_list.php","meta":{"_yoast_wpseo_title":"","_yoast_wpseo_metadesc":"","_yoast_wpseo_focuskw":"","rank_math_title":"Blog - Consejos sobre alquiler en Madrid ","rank_math_description":"Blog. Consejos sobre alquiler en Madrid: edificios, oficinas, viviendas, locales, garajes y naves industriales. \u00a1Contacta con Alquiler-Madrid!\n\n","rank_math_focus_keyword":"Blog","footnotes":""},"class_list":["post-17988","page","type-page","status-publish","hentry"],"_links":{"self":[{"href":"https:\/\/www.alquiler-madrid.com\/es\/wp-json\/wp\/v2\/pages\/17988","targetHints":{"allow":["GET"]}}],"collection":[{"href":"https:\/\/www.alquiler-madrid.com\/es\/wp-json\/wp\/v2\/pages"}],"about":[{"href":"https:\/\/www.alquiler-madrid.com\/es\/wp-json\/wp\/v2\/types\/page"}],"author":[{"embeddable":true,"href":"https:\/\/www.alquiler-madrid.com\/es\/wp-json\/wp\/v2\/users\/2"}],"replies":[{"embeddable":true,"href":"https:\/\/www.alquiler-madrid.com\/es\/wp-json\/wp\/v2\/comments?post=17988"}],"version-history":[{"count":1,"href":"https:\/\/www.alquiler-madrid.com\/es\/wp-json\/wp\/v2\/pages\/17988\/revisions"}],"predecessor-version":[{"id":34454,"href":"https:\/\/www.alquiler-madrid.com\/es\/wp-json\/wp\/v2\/pages\/17988\/revisions\/34454"}],"wp:attachment":[{"href":"https:\/\/www.alquiler-madrid.com\/es\/wp-json\/wp\/v2\/media?parent=17988"}],"curies":[{"name":"wp","href":"https:\/\/api.w.org\/{rel}","templated":true}]}}