{"id":2972,"date":"2014-10-22T12:36:54","date_gmt":"2014-10-22T12:36:54","guid":{"rendered":"http:\/\/wpresidence.net\/?page_id=2972"},"modified":"2025-06-10T10:42:42","modified_gmt":"2025-06-10T10:42:42","slug":"terms-and-coditions","status":"publish","type":"page","link":"https:\/\/www.alquiler-madrid.com\/es\/terms-and-coditions\/","title":{"rendered":"Aviso Legal"},"content":{"rendered":"<h1 class=\"page_heading\">Aviso Legal<\/h1>\n<section id=\"content\" class=\"page-content page-cms page-cms-2\">\n<div class=\"style_content cms_content\">\n<blockquote>\n<h3>1. INFORMACI\u00d3N LEGAL Y ACEPTACI\u00d3N<\/h3>\n<p>Los t\u00e9rminos y condiciones recogidos en el presente Aviso Legal regulan el uso del sitio Web micompraonline.com (en adelante, el \u00abSitio Web\u00bb) que Vergara 12, S,L(en adelante, \u201cAlquiler Madrid\u201d) pone a disposici\u00f3n de los usuarios que accedan a su Sitio Web (en adelante, el \u201cUsuario\u201d o \u201cUsuarios\u201d) con la finalidad de proporcionarles informaci\u00f3n sobre sus servicios as\u00ed como la posibilidad de hacer uso de los mismos.<\/p>\n<p>Alquiler Madrid. con CIF n\u00famero B-81842841 , tiene su domicilio social en Avda Pr\u00edncipe de vergara 12, , Madrid, y est\u00e1 inscrita en el Registro Mercantil de Madrid, al Tomo 28.092, Folio 19, Secci\u00f3n 8, Hoja -506180. Si desea contactar con Alquiler Madrid puede utilizar la direcci\u00f3n de correo postal previamente indicada, a trav\u00e9s del correo electr\u00f3nico info@alquiler-madrid.com<\/p>\n<p>La utilizaci\u00f3n del Sitio Web por los Usuarios implica la aceptaci\u00f3n de todas las condiciones incluidas en este Aviso Legal.<\/p>\n<p>La prestaci\u00f3n del servicio del Sitio Web tiene una duraci\u00f3n limitada al momento en que los Usuarios se encuentren conectados al Sitio Web o a alguno de los servicios que a trav\u00e9s del mismo se facilitan. Por tanto, los Usuarios deben leer atentamente el Aviso Legal presente en el Sitio Web en cada una de las ocasiones en que se propongan utilizar el mismo, ya que \u00e9ste puede sufrir modificaciones sin previo aviso.<\/p>\n<p>Algunos servicios del Sitio Web accesibles para los Usuarios pueden estar sometidos a condiciones generales de contrataci\u00f3n, condiciones particulares, reglamentos e instrucciones que, en su caso, sustituyen, completan y\/o modifican los presentes t\u00e9rminos y condiciones, y que deber\u00e1n ser aceptadas por los Usuarios antes de realizarse la prestaci\u00f3n del servicio correspondiente.<\/p>\n<p>El acceso a y\/o la utilizaci\u00f3n de dichos servicios y contenidos expresa la entera e incondicional aceptaci\u00f3n de las condiciones particulares en la versi\u00f3n publicada por Alquiler Madrid en el momento en que se produzca dicho acceso y\/o utilizaci\u00f3n.<\/p>\n<p>Es posible que, a lo largo de la prestaci\u00f3n de los servicios incluidos en el Sitio Web, se modificase el nombre del dominio bajo el cual dichos servicios se prestan. Por lo tanto, los Usuarios conocen y aceptan esta posibilidad, permaneciendo en tal caso completamente vigentes las obligaciones aceptadas por los Usuarios e Alquiler Madrid en funci\u00f3n de lo establecido en este documento.<\/p>\n<h3>2. CONDICIONES DE USO DE LOS CONTENIDOS Y SERVICIOS<\/h3>\n<p>El uso del Sitio Web y su contenido es totalmente voluntario y bajo la responsabilidad del Usuario.<\/p>\n<p>El acceso al Sitio Web es gratuito salvo en lo relativo al coste de la conexi\u00f3n a trav\u00e9s de la red de telecomunicaciones suministrada por el proveedor de acceso contratado por el Usuario.<\/p>\n<p>Los Usuarios \u00fanicamente podr\u00e1n acceder a los contenidos mediante los medios o procedimientos que se hayan puesto a su disposici\u00f3n a este efecto en el Sitio Web o se utilicen habitualmente en Internet para ese fin, siempre que no impliquen la violaci\u00f3n de derechos de propiedad intelectual o industrial o impliquen alg\u00fan tipo de da\u00f1o para el Sitio Web y\/o su informaci\u00f3n o servicios ofrecidos.<\/p>\n<p>Los Usuarios se obligan a usar los contenidos y servicios de forma diligente, legal, correcta y l\u00edcita y, en particular, se compromete a t\u00edtulo meramente enunciativo y no exhaustivo a abstenerse de:<\/p>\n<p>Utilizar los contenidos y servicios de forma y con fines contrarios a la ley, a la moral y a las buenas costumbres generalmente aceptadas o al orden p\u00fablico;<\/p>\n<p>Utilizar los contenidos y servicios de forma que produzcan o puedan producir efectos contrarios a la ley, a la moral y a las buenas costumbres generalmente aceptadas o al orden p\u00fablico;<\/p>\n<p>Transmitir o difundir informaci\u00f3n, datos, contenidos, mensajes, gr\u00e1ficos, dibujos, archivos de sonido y\/o imagen, fotograf\u00edas, grabaciones, software, y en general, cualquier material obsceno, ofensivo, vulgar o que induzca actuaciones delictivas, denigratorias, difamatorias, infamantes, violentas o, en general, contrarias a la ley, a la moral y buenas costumbres generalmente aceptadas o al orden p\u00fablico;<\/p>\n<p>Reproducir, copiar, o distribuir los contenidos, as\u00ed como permitir el acceso del p\u00fablico a los mismos a trav\u00e9s de cualquier modalidad de comunicaci\u00f3n p\u00fablica, o transformarlos o modificarlos, a menos que se cuente con la autorizaci\u00f3n del titular de los correspondientes derechos o ello resulte legalmente permitido;<\/p>\n<p>Vulnerar derechos de propiedad intelectual o industrial pertenecientes a Alquiler Madrid o a terceros;<\/p>\n<p>Utilizar los servicios y contenidos de manera que pueda suponer un perjuicio o sobrecarga para el funcionamiento del Sitio Web;<\/p>\n<p>Realizar transacciones fraudulentas o que puedan facilitar conductas il\u00edcitas o fraudulentas de cualquier tipo y Emplear los contenidos y servicios y, en particular, la informaci\u00f3n de cualquier clase obtenida a trav\u00e9s del Sitio Web con cualquier tipo de finalidad publicitaria y, en especial, para remitir publicidad, comunicaciones con fines de venta directa o con cualquier otra clase de finalidad comercial, mensajes no solicitados individualizados o dirigidos a una pluralidad de personas, as\u00ed como de comercializar o divulgar de cualquier modo dicha informaci\u00f3n.<\/p>\n<p>Los Usuarios responder\u00e1n por los da\u00f1os y perjuicios de toda naturaleza que Alquiler Madrid pueda sufrir, directa o indirectamente, como consecuencia del incumplimiento de cualquiera de las obligaciones derivadas de este Aviso Legal o de la ley en relaci\u00f3n con la utilizaci\u00f3n del Sitio Web.<\/p>\n<h3>4. EXCLUSI\u00d3N DE GARANT\u00cdAS Y DE RESPONSABILIDAD<\/h3>\n<p>Alquiler Madrid se reserva el derecho a interrumpir el acceso al Sitio Web, as\u00ed como la prestaci\u00f3n de cualquiera o de todos los contenidos que se prestan a trav\u00e9s del mismo en cualquier momento y sin previo aviso, ya sea por motivos t\u00e9cnicos, de seguridad, de control, de mantenimiento, por fallos de suministro el\u00e9ctrico o por cualquier otra causa fundada.<\/p>\n<p>En consecuencia, Alquiler Madrid no garantiza la fiabilidad, la disponibilidad ni la continuidad del Sitio Web ni de los contenidos, por lo que la utilizaci\u00f3n de los mismos por parte de los Usuarios se lleva a cabo por su propia cuenta y riesgo, sin que, en ning\u00fan momento puedan exigirse responsabilidades por la discontinuidad o falta de disponibilidad de sus servicios. Alquiler Madrid no ser\u00e1 responsable en caso de que existan interrupciones del servicio, demoras, errores, mal funcionamiento del mismo y, en general, dem\u00e1s inconvenientes que tengan su origen en causas que escapan del control de Alquiler Madrid, y\/o debidas a una actuaci\u00f3n dolosa o culposa de los Usuarios y\/o tengan por origen causas de Fuerza Mayor. Sin perjuicio de lo establecido en el art\u00edculo 1105 del C\u00f3digo Civil, se entender\u00e1n incluidos en el concepto de Fuerza Mayor, adem\u00e1s, y a los efectos de las presentes condiciones generales, todos aquellos acontecimientos acaecidos fuera del control de Alquiler Madrid, tales como: fallo de terceros, operadores o compa\u00f1\u00edas de servicios, actos de Gobierno, falta de acceso a redes de terceros, actos u omisiones de las Autoridades P\u00fablicas, aquellos otros producidos como consecuencia de fen\u00f3menos naturales, apagones, etc. y el ataque de hackers, crackers u otros terceros a la seguridad o integridad del sistema inform\u00e1tico. En cualquier caso, sea cual fuere su causa, Alquiler Madrid no asumir\u00e1 responsabilidad alguna ya sea por da\u00f1os directos o indirectos, da\u00f1o emergente y\/o por lucro cesante.<\/p>\n<p>Alquiler Madrid excluye cualquier responsabilidad por los da\u00f1os y perjuicios de toda naturaleza que puedan deberse a la falta de veracidad, exactitud, exhaustividad y\/o actualidad de los contenidos transmitidos, difundidos, almacenados, puestos a disposici\u00f3n o recibidos, obtenidos o a los que se haya accedido a trav\u00e9s del Sitio Web, ni tampoco por los contenidos prestados u ofertados por terceras personas o entidades. Alquiler Madrid tratar\u00e1 en la medida de lo posible de actualizar y rectificar aquella informaci\u00f3n alojada en el Sitio Web que no cumpla con las m\u00ednimas garant\u00edas de veracidad. No obstante quedar\u00e1 exonerada de responsabilidad por su no actualizaci\u00f3n o rectificaci\u00f3n as\u00ed como por los contenidos e informaciones vertidos en la misma.<\/p>\n<p>Alquiler Madrid no se responsabiliza por el contenido de la informaci\u00f3n recogida en el Sitio Web, as\u00ed como por aquellas opiniones, comentarios, apreciaciones o cualquier otra manifestaci\u00f3n recogida en el mismo que no sean emitidas directamente por Alquiler Madrid.<\/p>\n<p>Alquiler Madrid excluye cualquier responsabilidad por los da\u00f1os y perjuicios de toda clase que puedan deberse a la presencia de virus o a la presencia de otros elementos lesivos en los contenidos que puedan producir alteraci\u00f3n en los sistemas inform\u00e1ticos, as\u00ed como en los documentos o sistemas almacenados en los mismos.<\/p>\n<p>Alquiler Madrid no se hace responsable por la utilizaci\u00f3n que los Usuarios realicen del Contenido del Sitio Web, ni de sus contrase\u00f1as, as\u00ed como de cualquier otro material contenido en el Sitio Web, que pueda suponer una violaci\u00f3n de cualquier tipo de norma, nacional o internacional, de los derechos de propiedad intelectual o industrial o cualquier otro derecho de terceros. De igual forma, no se hace responsable de los posibles errores de seguridad que se pudieran producir por el hecho de utilizar versiones de navegadores no actualizadas, o de las consecuencias que se pudieran derivar del mal funcionamiento del navegador, ya sea por configuraci\u00f3n inadecuada, presencia de virus inform\u00e1ticos o cualquier otra causa ajena a Alquiler Madrid.<\/p>\n<h3>5. ENLACES SALIENTES<\/h3>\n<p>El servicio de acceso al Sitio Web puede incluir dispositivos t\u00e9cnicos de enlace, directorios e incluso instrumentos de b\u00fasqueda que permiten a los Usuarios acceder a sitios web de Internet (en adelante, \u00abSitios Enlazados\u00bb). En estos casos, Alquiler Madrid act\u00faa como prestador de servicios de conformidad con el art\u00edculo 17 de la Ley 34\/2002, de 11 de julio, de Servicios de la Sociedad de la Informaci\u00f3n y el Comercio Electr\u00f3nico (en adelante, la \u201cLSSI\u201d) y s\u00f3lo ser\u00e1 responsable de los contenidos y servicios suministrados en los Sitios Enlazados en la medida en que tenga conocimiento efectivo de la ilicitud o de que puedan lesionarse bienes o derechos de terceros y no haya desactivado el enlace con la diligencia debida.<\/p>\n<p>En el supuesto de que los Usuarios consideren que existe un Sitio Enlazado con contenidos il\u00edcitos o inadecuados podr\u00e1n comunic\u00e1rselo a Alquiler Madrid a la direcci\u00f3n de contacto se\u00f1alada en el primer apartado de este Aviso Legal, indicando:<\/p>\n<p>Del comunicante: nombre, direcci\u00f3n, n\u00famero de tel\u00e9fono y direcci\u00f3n de correo electr\u00f3nico;<\/p>\n<p>Una descripci\u00f3n de los hechos que revelan el car\u00e1cter il\u00edcito o inadecuado del Sitio Enlazado;<\/p>\n<p>Una declaraci\u00f3n expresa de que la informaci\u00f3n contenida en la comunicaci\u00f3n es exacta.<\/p>\n<p>En ning\u00fan caso esta comunicaci\u00f3n conlleva la obligaci\u00f3n de retirar el correspondiente enlace, ni supone, seg\u00fan lo dispuesto en la LSSI, el conocimiento efectivo de las actividades y\/o contenidos indicados por el comunicante.<\/p>\n<p>En ning\u00fan caso, la existencia de Sitios Enlazados debe presuponer la existencia de acuerdos con los responsables o titulares de los mismos, ni la recomendaci\u00f3n, promoci\u00f3n o identificaci\u00f3n de Alquiler Madrid con las manifestaciones, contenidos o servicios prove\u00eddos.<\/p>\n<p>Alquiler Madrid no conoce los contenidos y servicios de los Sitios Enlazados y por tanto no se hace responsable por los da\u00f1os producidos por la ilicitud, calidad, desactualizaci\u00f3n, indisponibilidad, error e inutilidad de los contenidos y\/o servicios de los Sitios Enlazados ni por cualquier otro da\u00f1o que no sea directamente imputable a Alquiler Madrid, salvo en lo previsto en el mencionado art\u00edculo 17 de la LSSI.<\/p>\n<p>Si los Usuarios deciden visitar y\/o utilizar cualquiera los Sitios Enlazados, lo har\u00e1n por su cuenta y riesgo, y tendr\u00e1n que tomar las medidas de protecci\u00f3n oportunas contra virus u otros elementos da\u00f1inos.<\/p>\n<h3>6. ENLACES ENTRANTES<\/h3>\n<p>No se autoriza a terceros a introducir enlaces desde sus propias p\u00e1ginas web al Sitio Web salvo consentimiento expreso de Alquiler Madrid.<\/p>\n<p>En el caso de que se autorice a un tercero utilizar enlaces al Sitio Web, este uso se har\u00e1 respetando las limitaciones y finalidades previstas en la propia autorizaci\u00f3n. En este caso, Alquiler Madrid podr\u00e1 solicitar, en cualquier momento y sin necesidad de aportar las razones de dicha solicitud, que se elimine cualquier enlace al Sitio Web, despu\u00e9s de lo cual el responsable de la p\u00e1gina web enlazante deber\u00e1 proceder de inmediato a su eliminaci\u00f3n.<\/p>\n<h3>7. PROPIEDAD INTELECTUAL E INDUSTRIAL<\/h3>\n<p>La totalidad de los contenidos del Sitio Web, entendiendo por \u00e9stos a t\u00edtulo meramente enunciativo los textos, fotograf\u00edas, gr\u00e1ficos, im\u00e1genes, iconos, tecnolog\u00eda, software, links, dominios, marcas y dem\u00e1s contenidos audiovisuales o sonoros, as\u00ed como su dise\u00f1o gr\u00e1fico y c\u00f3digos fuente, son de la exclusiva propiedad de Alquiler Madrid o de terceros, cuyos derechos en su caso reconoce Alquiler Madrid, y est\u00e1n sujetos a derechos de propiedad intelectual e industrial protegidos por la legislaci\u00f3n nacional e internacional.<\/p>\n<p>Queda estrictamente prohibido cualquier utilizaci\u00f3n de cualquiera de los elementos objeto de propiedad industrial e intelectual con cualquier tipo de finalidad, en especial comercial, as\u00ed como su distribuci\u00f3n, comunicaci\u00f3n p\u00fablica, modificaci\u00f3n, alteraci\u00f3n, transformaci\u00f3n o descompilaci\u00f3n, salvo autorizaci\u00f3n expresa por escrito por parte del titular de los mismos.<\/p>\n<p>La infracci\u00f3n de cualquiera de los citados derechos puede constituir una vulneraci\u00f3n de las presentes disposiciones, as\u00ed como una acci\u00f3n constitutiva de delito tipificada en los art\u00edculos 270 y siguientes del C\u00f3digo Penal.<\/p>\n<h3>8. POL\u00cdTICA DE PRIVACIDAD Y PROTECCI\u00d3N DE DATOS DE CAR\u00c1CTER PERSONAL<\/h3>\n<p>Cualquier dato de car\u00e1cter personal que los Usuarios faciliten durante el uso del Sitio Web ser\u00e1 tratado conforme a nuestra Pol\u00edtica de Privacidad presente en la Pol\u00edtica de privacidad.<\/p>\n<p>Los Usuarios deben leer y aceptar dicha Pol\u00edtica de Privacidad antes de facilitar sus datos personales a Alquiler Madrid.<\/p>\n<h3>9. GENERALIDADES<\/h3>\n<p>Cualquier cl\u00e1usula o disposici\u00f3n del presente Aviso Legal que sea o devenga ilegal, inv\u00e1lida o inexigible ser\u00e1 excluida del mismo y ser\u00e1 considerada inaplicable en lo que alcance a tal ilegalidad, invalidez o inexigibilidad, y ser\u00e1 sustituida por otra que se asemeje lo m\u00e1s posible a la anterior, pero no afectar\u00e1 o perjudicar\u00e1 a las restantes disposiciones, las cuales quedar\u00e1n al margen de cualquier cl\u00e1usula o disposici\u00f3n ilegal, inv\u00e1lida o inexigible y permanecer\u00e1n por el contrario con plena vigencia y efecto.<\/p>\n<p>Alquiler Madrid excluye cualquier tipo de garant\u00eda, y, por tanto, queda libre de total responsabilidad derivada de los puntos expresados con anterioridad, as\u00ed como de otros aspectos que pueden no estar contemplados en el presente documento.<\/p>\n<h3>10. LEY APLICABLE Y JURISDICCI\u00d3N<\/h3>\n<p>La relaci\u00f3n entre Alquiler Madrid y el Usuario se regir\u00e1 por la normativa espa\u00f1ola vigente y cualquier controversia se someter\u00e1 a los Juzgados y Tribunales de Madrid.<\/p><\/blockquote>\n<\/div>\n<\/section>\n","protected":false},"excerpt":{"rendered":"<p>Aviso Legal 1. INFORMACI\u00d3N LEGAL Y ACEPTACI\u00d3N Los t\u00e9rminos y condiciones recogidos en el presente Aviso Legal regulan el uso del sitio Web micompraonline.com (en adelante, el \u00abSitio Web\u00bb) que Vergara 12, S,L(en adelante, \u201cAlquiler Madrid\u201d) pone a disposici\u00f3n de los usuarios que accedan a su Sitio Web (en adelante, el \u201cUsuario\u201d o \u201cUsuarios\u201d) con la finalidad de proporcionarles informaci\u00f3n sobre sus servicios as\u00ed &#8230;<\/p>\n","protected":false},"author":2,"featured_media":0,"parent":0,"menu_order":0,"comment_status":"closed","ping_status":"closed","template":"terms_conditions.php","meta":{"_yoast_wpseo_title":"","_yoast_wpseo_metadesc":"","_yoast_wpseo_focuskw":"","rank_math_title":"","rank_math_description":"","rank_math_focus_keyword":"","footnotes":""},"class_list":["post-2972","page","type-page","status-publish","hentry"],"_links":{"self":[{"href":"https:\/\/www.alquiler-madrid.com\/es\/wp-json\/wp\/v2\/pages\/2972","targetHints":{"allow":["GET"]}}],"collection":[{"href":"https:\/\/www.alquiler-madrid.com\/es\/wp-json\/wp\/v2\/pages"}],"about":[{"href":"https:\/\/www.alquiler-madrid.com\/es\/wp-json\/wp\/v2\/types\/page"}],"author":[{"embeddable":true,"href":"https:\/\/www.alquiler-madrid.com\/es\/wp-json\/wp\/v2\/users\/2"}],"replies":[{"embeddable":true,"href":"https:\/\/www.alquiler-madrid.com\/es\/wp-json\/wp\/v2\/comments?post=2972"}],"version-history":[{"count":1,"href":"https:\/\/www.alquiler-madrid.com\/es\/wp-json\/wp\/v2\/pages\/2972\/revisions"}],"predecessor-version":[{"id":32807,"href":"https:\/\/www.alquiler-madrid.com\/es\/wp-json\/wp\/v2\/pages\/2972\/revisions\/32807"}],"wp:attachment":[{"href":"https:\/\/www.alquiler-madrid.com\/es\/wp-json\/wp\/v2\/media?parent=2972"}],"curies":[{"name":"wp","href":"https:\/\/api.w.org\/{rel}","templated":true}]}}